{"id":2556,"date":"2017-04-10T13:57:28","date_gmt":"2017-04-10T11:57:28","guid":{"rendered":"https:\/\/www.lereveil.lu\/v7\/?page_id=2556"},"modified":"2023-10-08T16:41:36","modified_gmt":"2023-10-08T14:41:36","slug":"presentation","status":"publish","type":"page","link":"https:\/\/www.lereveil.lu\/v7\/presentation\/","title":{"rendered":"Pr\u00e9sentation"},"content":{"rendered":"<div class=\"content\">\n<h1 style=\"text-align: center;\">Le R\u00e9veil Bettembourg se pr\u00e9sente<\/h1>\n<p>La soci\u00e9t\u00e9 de gymnastique \u00abLe R\u00e9veil Bettembourg\u00bb d&#8217;aujourd&#8217;hui est constitu\u00e9e de deux sections: la section masculine, fond\u00e9e en 1901, et la section f\u00e9minine, fond\u00e9e en 1938. Elle est affili\u00e9e \u00e0 la F\u00e9d\u00e9ration Luxembourgeoise de Gymnastique (FLGym).<\/p>\n<p>Les activit\u00e9s propos\u00e9es sont diverses: les sections loisirs et les sections comp\u00e9titives masculines et f\u00e9minines.<\/p>\n<p>Les sections loisirs proposent des cours pour tout \u00e2ge: de \u00abParents et B\u00e9b\u00e9\u00bb aux sections pr\u00e9coce (Butzenturnen), pr\u00e9scolaire, primaire et aux sportifs pratiquant le \u00abSport pour tous\u00bb.<\/p>\n<p>Les sections comp\u00e9titives pratiquent la gymnastique g\u00e9n\u00e9rale et la gymnastique artistique. Chaque int\u00e9ress\u00e9 trouve sa place dans les sections de la gymnastique g\u00e9n\u00e9rale, les sections de la gymnastique artistique \u00e9tant r\u00e9serv\u00e9es aux gymnastes les plus talentueux.<\/p>\n<p>La soci\u00e9t\u00e9 de gymnastique est g\u00e9r\u00e9e par le Conseil d&#8217;Administration, qui est soutenu dans ses missions nombreuses par des commissions sp\u00e9cifiques.<\/p>\n<p>La soci\u00e9t\u00e9 est bien structur\u00e9e avec ses commissions:<\/p>\n<p>&#8211; La <a href=\"https:\/\/www.lereveil.lu\/v7\/ct\/\">Commission Technique<\/a> assure la participation des gymnastes aux diff\u00e9rentes comp\u00e9titions et le fonctionnement harmonieux du programme technique se d\u00e9roulant dans les diff\u00e9rentes salles d\u2019entra\u00eenement.<\/p>\n<p>&#8211; La Commission des Entra\u00eeneurs rassemble tous les entra\u00eeneurs et stagiaires pour assurer les programmes de la soci\u00e9t\u00e9.<\/p>\n<p>&#8211; Les Juges accompagnent les \u00e9quipes aux comp\u00e9titions.<\/p>\n<p>&#8211; Le &#8220;Logistic Team&#8221; a pour mission de soigner et de monter les agr\u00e8s pour toutes les manifestations et comp\u00e9titions.<\/p>\n<p>&#8211; Le &#8220;Catering Team&#8221; s&#8217;occupe du bien-\u00eatre de tous (restauration, boissons, &#8230; ) lors des nombreuses activit\u00e9s du club.<\/p>\n<\/div>\n","protected":false},"excerpt":{"rendered":"<p>Le R\u00e9veil Bettembourg se pr\u00e9sente La soci\u00e9t\u00e9 de gymnastique \u00abLe R\u00e9veil Bettembourg\u00bb d&#8217;aujourd&#8217;hui est constitu\u00e9e de deux sections: la section masculine, fond\u00e9e en 1901, et la section f\u00e9minine, fond\u00e9e en 1938. Elle est affili\u00e9e \u00e0 la F\u00e9d\u00e9ration Luxembourgeoise de Gymnastique (FLGym). Les activit\u00e9s propos\u00e9es sont diverses: les sections loisirs et les sections comp\u00e9titives masculines et&hellip;&nbsp;<a href=\"https:\/\/www.lereveil.lu\/v7\/presentation\/\" rel=\"bookmark\"><span class=\"screen-reader-text\">Pr\u00e9sentation<\/span><\/a><\/p>\n","protected":false},"author":1,"featured_media":21,"parent":0,"menu_order":0,"comment_status":"closed","ping_status":"closed","template":"","meta":{"neve_meta_sidebar":"","neve_meta_container":"","neve_meta_enable_content_width":"","neve_meta_content_width":0,"neve_meta_title_alignment":"","neve_meta_author_avatar":"","neve_post_elements_order":"","neve_meta_disable_header":"","neve_meta_disable_footer":"","neve_meta_disable_title":"","footnotes":""},"class_list":["post-2556","page","type-page","status-publish","has-post-thumbnail","hentry"],"_links":{"self":[{"href":"https:\/\/www.lereveil.lu\/v7\/wp-json\/wp\/v2\/pages\/2556","targetHints":{"allow":["GET"]}}],"collection":[{"href":"https:\/\/www.lereveil.lu\/v7\/wp-json\/wp\/v2\/pages"}],"about":[{"href":"https:\/\/www.lereveil.lu\/v7\/wp-json\/wp\/v2\/types\/page"}],"author":[{"embeddable":true,"href":"https:\/\/www.lereveil.lu\/v7\/wp-json\/wp\/v2\/users\/1"}],"replies":[{"embeddable":true,"href":"https:\/\/www.lereveil.lu\/v7\/wp-json\/wp\/v2\/comments?post=2556"}],"version-history":[{"count":9,"href":"https:\/\/www.lereveil.lu\/v7\/wp-json\/wp\/v2\/pages\/2556\/revisions"}],"predecessor-version":[{"id":5693,"href":"https:\/\/www.lereveil.lu\/v7\/wp-json\/wp\/v2\/pages\/2556\/revisions\/5693"}],"wp:featuredmedia":[{"embeddable":true,"href":"https:\/\/www.lereveil.lu\/v7\/wp-json\/wp\/v2\/media\/21"}],"wp:attachment":[{"href":"https:\/\/www.lereveil.lu\/v7\/wp-json\/wp\/v2\/media?parent=2556"}],"curies":[{"name":"wp","href":"https:\/\/api.w.org\/{rel}","templated":true}]}}