{"id":29,"date":"2017-04-09T12:39:43","date_gmt":"2017-04-09T12:39:43","guid":{"rendered":"https:\/\/www.lereveil.lu\/v7\/?page_id=29"},"modified":"2025-05-02T10:21:05","modified_gmt":"2025-05-02T08:21:05","slug":"ct","status":"publish","type":"page","link":"https:\/\/www.lereveil.lu\/v7\/ct\/","title":{"rendered":"CT"},"content":{"rendered":"<table style=\"height: 626px;\" border=\"0\" width=\"503\" cellspacing=\"0\" cellpadding=\"0\" align=\"center\">\n<tbody>\n<tr>\n<td class=\"xl65\" colspan=\"3\" width=\"165\" height=\"20\"><b>Secr\u00e9tariat<\/b><\/td>\n<\/tr>\n<tr>\n<td class=\"xl66\" width=\"100\" height=\"20\"><\/td>\n<td class=\"xl66\" width=\"165\" height=\"20\">Secr\u00e9taire<\/td>\n<td class=\"xl66\" width=\"161\">PETRY Deborah<\/td>\n<\/tr>\n<tr>\n<td class=\"xl66\" width=\"100\" height=\"20\"><\/td>\n<td class=\"xl66\" width=\"165\" height=\"20\">Inscriptions comp\u00e9titions<\/td>\n<td class=\"xl66\" width=\"161\">KOHL Annette<\/td>\n<\/tr>\n<tr>\n<td class=\"xl66\" colspan=\"3\" width=\"165\" height=\"20\"><strong>Licences<\/strong><\/td>\n<\/tr>\n<tr>\n<td class=\"xl66\" width=\"100\" height=\"20\"><\/td>\n<td class=\"xl66\" width=\"165\" height=\"20\">Admin. des licences<\/td>\n<td class=\"xl65\" width=\"161\">KOHL Annette<\/td>\n<\/tr>\n<tr>\n<td class=\"xl66\" width=\"100\" height=\"20\"><\/td>\n<td class=\"xl65\" width=\"165\" height=\"20\">M\u00e9dico et Transferts<\/td>\n<td class=\"xl65\" width=\"161\">KOHL Annette<\/td>\n<\/tr>\n<tr>\n<td class=\"xl65\" colspan=\"3\" width=\"165\" height=\"20\"><strong>Responsables sections<\/strong><\/td>\n<\/tr>\n<tr>\n<td class=\"xl66\" width=\"100\" height=\"20\"><\/td>\n<td class=\"xl66\" width=\"165\" height=\"20\">Loisirs gymniques<\/td>\n<td class=\"xl66\" width=\"161\">CHRISTEN Kim<br \/>\nCHRISTEN Lis<\/td>\n<\/tr>\n<tr>\n<td class=\"xl66\" width=\"100\" height=\"20\"><\/td>\n<td class=\"xl66\" width=\"165\" height=\"20\">Masculins<\/td>\n<td class=\"xl66\" width=\"161\">BORDICCHIA Loredana<\/td>\n<\/tr>\n<tr>\n<td class=\"xl66\" width=\"100\" height=\"20\"><\/td>\n<td class=\"xl66\" width=\"165\" height=\"20\">F\u00e9minins A<\/td>\n<td class=\"xl66\" width=\"161\">REUTER CAROLE<\/td>\n<\/tr>\n<tr>\n<td class=\"xl66\" width=\"100\" height=\"20\"><\/td>\n<td class=\"xl66\" width=\"165\" height=\"20\">F\u00e9minins B\/C<\/td>\n<td class=\"xl66\" width=\"161\">LECLERC Elisa<br \/>\nHEIDERSCHEID Christina<\/td>\n<\/tr>\n<tr>\n<td class=\"xl65\" colspan=\"3\" width=\"165\" height=\"20\"><strong>Responsables juges<\/strong><\/td>\n<\/tr>\n<tr>\n<td class=\"xl66\" width=\"100\" height=\"20\"><\/td>\n<td class=\"xl66\" width=\"165\" height=\"20\">F\u00e9minins<\/td>\n<td class=\"xl66\" width=\"161\">LOPS Letizia<\/td>\n<\/tr>\n<tr>\n<td class=\"xl66\" width=\"100\" height=\"20\"><\/td>\n<td class=\"xl66\" width=\"165\" height=\"20\">Masculins<\/td>\n<td class=\"xl66\" width=\"161\">KIRTZ Anja<\/td>\n<\/tr>\n<\/tbody>\n<\/table>\n","protected":false},"excerpt":{"rendered":"<p>Secr\u00e9tariat Secr\u00e9taire PETRY Deborah Inscriptions comp\u00e9titions KOHL Annette Licences Admin. des licences KOHL Annette M\u00e9dico et Transferts KOHL Annette Responsables sections Loisirs gymniques CHRISTEN Kim CHRISTEN Lis Masculins BORDICCHIA Loredana F\u00e9minins A REUTER CAROLE F\u00e9minins B\/C LECLERC Elisa HEIDERSCHEID Christina Responsables juges F\u00e9minins LOPS Letizia Masculins KIRTZ Anja<\/p>\n","protected":false},"author":1,"featured_media":0,"parent":0,"menu_order":0,"comment_status":"closed","ping_status":"closed","template":"","meta":{"neve_meta_sidebar":"","neve_meta_container":"","neve_meta_enable_content_width":"","neve_meta_content_width":0,"neve_meta_title_alignment":"","neve_meta_author_avatar":"","neve_post_elements_order":"","neve_meta_disable_header":"","neve_meta_disable_footer":"","neve_meta_disable_title":"","footnotes":""},"class_list":["post-29","page","type-page","status-publish","hentry"],"_links":{"self":[{"href":"https:\/\/www.lereveil.lu\/v7\/wp-json\/wp\/v2\/pages\/29","targetHints":{"allow":["GET"]}}],"collection":[{"href":"https:\/\/www.lereveil.lu\/v7\/wp-json\/wp\/v2\/pages"}],"about":[{"href":"https:\/\/www.lereveil.lu\/v7\/wp-json\/wp\/v2\/types\/page"}],"author":[{"embeddable":true,"href":"https:\/\/www.lereveil.lu\/v7\/wp-json\/wp\/v2\/users\/1"}],"replies":[{"embeddable":true,"href":"https:\/\/www.lereveil.lu\/v7\/wp-json\/wp\/v2\/comments?post=29"}],"version-history":[{"count":16,"href":"https:\/\/www.lereveil.lu\/v7\/wp-json\/wp\/v2\/pages\/29\/revisions"}],"predecessor-version":[{"id":6503,"href":"https:\/\/www.lereveil.lu\/v7\/wp-json\/wp\/v2\/pages\/29\/revisions\/6503"}],"wp:attachment":[{"href":"https:\/\/www.lereveil.lu\/v7\/wp-json\/wp\/v2\/media?parent=29"}],"curies":[{"name":"wp","href":"https:\/\/api.w.org\/{rel}","templated":true}]}}