{"id":3836,"date":"2018-02-14T09:32:38","date_gmt":"2018-02-14T08:32:38","guid":{"rendered":"https:\/\/www.lereveil.lu\/v7\/?page_id=3836"},"modified":"2026-02-20T09:26:10","modified_gmt":"2026-02-20T08:26:10","slug":"benevolat","status":"publish","type":"page","link":"https:\/\/www.lereveil.lu\/v7\/benevolat\/","title":{"rendered":"B\u00e9n\u00e9volat"},"content":{"rendered":"\t\t<div data-elementor-type=\"wp-page\" data-elementor-id=\"3836\" class=\"elementor elementor-3836\" data-elementor-post-type=\"page\">\n\t\t\t\t\t\t<section class=\"elementor-section elementor-top-section elementor-element elementor-element-676546b8 elementor-section-boxed elementor-section-height-default elementor-section-height-default\" data-id=\"676546b8\" data-element_type=\"section\" data-e-type=\"section\">\n\t\t\t\t\t\t<div class=\"elementor-container elementor-column-gap-default\">\n\t\t\t\t\t<div class=\"elementor-column elementor-col-100 elementor-top-column elementor-element elementor-element-55aed875\" data-id=\"55aed875\" data-element_type=\"column\" data-e-type=\"column\">\n\t\t\t<div class=\"elementor-widget-wrap elementor-element-populated\">\n\t\t\t\t\t\t<section class=\"elementor-section elementor-inner-section elementor-element elementor-element-0d4c540 elementor-section-boxed elementor-section-height-default elementor-section-height-default\" data-id=\"0d4c540\" data-element_type=\"section\" data-e-type=\"section\">\n\t\t\t\t\t\t<div class=\"elementor-container elementor-column-gap-default\">\n\t\t\t\t\t<div class=\"elementor-column elementor-col-50 elementor-inner-column elementor-element elementor-element-1547abb\" data-id=\"1547abb\" data-element_type=\"column\" data-e-type=\"column\">\n\t\t\t<div class=\"elementor-widget-wrap elementor-element-populated\">\n\t\t\t\t\t\t<div class=\"elementor-element elementor-element-479a7c4 elementor-widget elementor-widget-text-editor\" data-id=\"479a7c4\" data-element_type=\"widget\" data-e-type=\"widget\" data-widget_type=\"text-editor.default\">\n\t\t\t\t<div class=\"elementor-widget-container\">\n\t\t\t\t\t\t\t\t\t<h5 class=\"MsoNormal\">De\u00a0Le\u00a0Reveil\u00a0Bettembourg\u00a0organis\u00e9iert\u00a0all\u00a0Joer\u00a0verschidde\u00a0Competitiounen,\u00a0Aktivit\u00e9iten\u00a0an\u00a0Eventer\u00a0an\u00a0ass\u00a0lafend\u00a0ob\u00a0der\u00a0Sich\u00a0no\u00a0 motiv\u00e9ierte Benevollen, d\u00e9i Freed drun hunn eng Hand mat unzepaken.<\/h5><ul><li class=\"MsoListParagraphCxSpFirst\" style=\"text-indent: -18.0pt; mso-list: l0 level1 lfo1;\"><span style=\"font-variant-numeric: normal; font-variant-east-asian: normal; font-variant-alternates: normal; font-size-adjust: none; font-kerning: auto; font-optical-sizing: auto; font-feature-settings: normal; font-variation-settings: normal; font-variant-position: normal; font-variant-emoji: normal; font-stretch: normal; font-size: 7pt; line-height: normal; font-family: 'Times New Roman';\">\u00a0 \u00a0 \u00a0 \u00a0 \u00a0<\/span><!--[endif]-->Du bass oppen, extrovert\u00e9iert a kommunikativ a schaffs g\u00e4ren an der Equipe ?\u00a0 <strong>-&gt;<\/strong>\u00a0<strong>Mir\u00a0sichen\u00a0dech!<\/strong><\/li><li class=\"MsoListParagraphCxSpMiddle\" style=\"text-indent: -18.0pt; mso-list: l0 level1 lfo1;\"><span style=\"font-variant-numeric: normal; font-variant-east-asian: normal; font-variant-alternates: normal; font-size-adjust: none; font-kerning: auto; font-optical-sizing: auto; font-feature-settings: normal; font-variation-settings: normal; font-variant-position: normal; font-variant-emoji: normal; font-stretch: normal; font-size: 7pt; line-height: normal; font-family: 'Times New Roman';\">\u00a0 \u00a0 \u00a0 \u00a0 \u00a0<\/span><!--[endif]-->Du bass introvert\u00e9iert a schaffs gew\u00ebssenhaft un enger spezifescher Aufgab d\u00e9i dir uvertraut gouf?\u00a0 <strong>-&gt; <\/strong><strong>Mir\u00a0sichen\u00a0dech!<\/strong><\/li><li class=\"MsoListParagraphCxSpMiddle\" style=\"text-indent: -18.0pt; mso-list: l0 level1 lfo1;\"><span style=\"font-variant-numeric: normal; font-variant-east-asian: normal; font-variant-alternates: normal; font-size-adjust: none; font-kerning: auto; font-optical-sizing: auto; font-feature-settings: normal; font-variation-settings: normal; font-variant-position: normal; font-variant-emoji: normal; font-stretch: normal; font-size: 7pt; line-height: normal; font-family: 'Times New Roman';\">\u00a0\u00a0<\/span><span style=\"font-variant-numeric: normal; font-variant-east-asian: normal; font-variant-alternates: normal; font-size-adjust: none; font-kerning: auto; font-optical-sizing: auto; font-feature-settings: normal; font-variation-settings: normal; font-variant-position: normal; font-variant-emoji: normal; font-stretch: normal; font-size: 7pt; line-height: normal; font-family: 'Times New Roman';\"> \u00a0 \u00a0 \u00a0\u00a0<\/span><!--[endif]-->Du sichs punktuell soziale Kontakt a w\u00eblls an enger flotter Equipe matschaffen? <strong>-&gt; <\/strong><strong>Mir\u00a0sichen\u00a0dech!<\/strong><\/li><li class=\"MsoListParagraphCxSpLast\" style=\"text-indent: -18.0pt; mso-list: l0 level1 lfo1;\"><span style=\"font-variant-numeric: normal; font-variant-east-asian: normal; font-variant-alternates: normal; font-size-adjust: none; font-kerning: auto; font-optical-sizing: auto; font-feature-settings: normal; font-variation-settings: normal; font-variant-position: normal; font-variant-emoji: normal; font-stretch: normal; font-size: 7pt; line-height: normal; font-family: 'Times New Roman';\">\u00a0\u00a0<\/span><span style=\"font-variant-numeric: normal; font-variant-east-asian: normal; font-variant-alternates: normal; font-size-adjust: none; font-kerning: auto; font-optical-sizing: auto; font-feature-settings: normal; font-variation-settings: normal; font-variant-position: normal; font-variant-emoji: normal; font-stretch: normal; font-size: 7pt; line-height: normal; font-family: 'Times New Roman';\"> \u00a0 \u00a0 \u00a0\u00a0<\/span><!--[endif]-->Du hues e speziellt Talent a sichs eng Plaz fir dech domat anzebr\u00e9ngen? <strong>-&gt;<\/strong> <strong>Mir sichen dech!<\/strong><\/li><\/ul><p>Ob\u00a0aktiven\u00a0Turner,\u00a0deen\u00a0sech\u00a0m\u00e9i\u00a0am\u00a0Ver\u00e4i\u00a0well\u00a0abr\u00e9ngen,\u00a0fr\u00e9iere\u00a0Member,\u00a0Elterendeel,\u00a0Famill\u00a0a\u00a0<br \/>Fr\u00ebnn, Awunner vun der Gemeng oder Interessent um Turnsport:<\/p><h3><strong>G\u00ebff\u00a0och\u00a0du\u00a0Deel\u00a0vun\u00a0der\u00a0grousser\u00a0LRB\u00a0Famill.<\/strong><\/h3><h3>M\u00ebll dech hei un fir bei eisem n\u00e4chsten Event ze h\u00ebllefen:<br \/><strong><a href=\"https:\/\/benevolat.lereveil.lu\/\" target=\"_blank\" rel=\"noopener\">https:\/\/benevolat.lereveil.lu\/<\/a><\/strong><\/h3><p>Et gi vill verschidde M\u00e9iglechkeeten sech anzebr\u00e9ngen: vum Kuch baken, Gedr\u00e9nks an Iessen verkafen, iwwer d\u2019Op- an Ofriichte vu Material a Ger\u00e4ter bis hin zum Dekor\u00e9ieren an vun de Raimlechkeeten. All d\u00ebs T\u00e2chen si wichteg an erm\u00e9iglechen et eis als Ver\u00e4in Competitiounen an Eventer fir eis Memberen an Turner ze organis\u00e9ieren. Virkenntnisser brauch een dofir keng \u2013 wichteg ass just d\u2019Freed an d\u2018Bereetschaft, zesummen als Team eppes op d\u2019Been ze stellen.<\/p><h3 class=\"MsoNormal\"><b>Wat\u00a0mir\u00a0bidden?<\/b><\/h3><ul><li class=\"MsoNormal\">E Ver\u00e4in mat klore Strukturen<\/li><li class=\"MsoNormal\">Eng gutt Ambiance an der Equipe<\/li><li class=\"MsoNormal\">Fir all F\u00e4egkeet d\u00e9i passend T\u00e2che<\/li><li class=\"MsoNormal\">Raum zur Weiderentw\u00e9cklung an Entdeckung vun \u00ebnnerschiddlechen Aufgaben am Ver\u00e4in<\/li><li class=\"MsoNormal\">Benevolatmanager fir dir eng gelongen Integratioun ze garant\u00e9ieren an duerno weider en oppent Ouer fir dech huet<\/li><\/ul><h3><strong>Kontaktpersounen\u00a0<\/strong><\/h3><table style=\"height: 101px;\" width=\"309\"><tbody><tr><td width=\"201\"><p><strong>Catering<\/strong><\/p><\/td><td width=\"201\"><p><strong>Logistik<\/strong><\/p><\/td><td width=\"201\"><p><strong>Benevolatmanager<\/strong><\/p><\/td><\/tr><tr><td width=\"201\"><p>Sheila Clesse<\/p><p>catering@lereveil.lu<\/p><\/td><td width=\"201\"><p>Dan Putz<\/p><p>logistique@lereveil.lu<\/p><\/td><td width=\"201\"><p>Nadine Kremer<\/p><p>benevolat@lereveil.lu<\/p><\/td><\/tr><\/tbody><\/table><h3><strong>Kalenner\u00a0Saison\u00a02025\/2026<\/strong><\/h3><p>Reserveier dir elo schon d\u2019Datumer fir d\u00e9i ganz Saison an dengem Kalenner:<\/p><p><u>14-15 M\u00e4erz 2026 :<\/u> Individuel B\/C Espoir a Senior<\/p><p><u>6-7 Juni 2026<\/u> : Individuel Minis a Championnats nationaux AK<\/p>\t\t\t\t\t\t\t\t<\/div>\n\t\t\t\t<\/div>\n\t\t\t\t\t<\/div>\n\t\t<\/div>\n\t\t\t\t<div class=\"elementor-column elementor-col-50 elementor-inner-column elementor-element elementor-element-e0029db\" data-id=\"e0029db\" data-element_type=\"column\" data-e-type=\"column\">\n\t\t\t<div class=\"elementor-widget-wrap\">\n\t\t\t\t\t\t\t<\/div>\n\t\t<\/div>\n\t\t\t\t\t<\/div>\n\t\t<\/section>\n\t\t\t\t<div class=\"elementor-element elementor-element-4f039362 elementor-widget elementor-widget-text-editor\" data-id=\"4f039362\" data-element_type=\"widget\" data-e-type=\"widget\" data-widget_type=\"text-editor.default\">\n\t\t\t\t<div class=\"elementor-widget-container\">\n\t\t\t\t\t\t\t\t\t<h3>Komm eis \u00ebnnerstetzen, d&#8217;Umeldung geet iwwer d\u00ebse Link :\u00a0<a href=\"https:\/\/benevolat.lereveil.lu\/\">https:\/\/benevolat.lereveil.lu\/<br \/><\/a><\/h3><p><\/p><p><div id=\"jig1\" class=\"justified-image-grid jig-b9967ec62c6ee07fbde2fbfa3f68a206 jig-preset-global jig-source-flickr\"><div class=\"jig-clearfix\"><\/div><noscript id=\"jig1-html\" class=\"justified-image-grid-html\" data-lazy-src=\"skiplazyload\" data-src=\"skipunveillazyload\"><ul><li><a href=\"https:\/\/live.staticflickr.com\/65535\/49573111501_00db5dc990_b.jpg\" title=\"49573111501_00db5dc990_b\"><img fetchpriority=\"high\" decoding=\"async\" src=\"https:\/\/www.lereveil.lu\/v7\/wp-content\/plugins\/justified-image-grid\/timthumb.php?src=https%3A%2F%2Flive.staticflickr.com%2F65535%2F49573111501_00db5dc990_b.jpg&amp;h=230&amp;q=90&amp;f=.jpg\" alt=\"IMG_20200130_185358\" width=\"306\" height=\"230\" \/><\/a><p class=\"jig-HTMLdescription\">IMG_20200130_185358<br\/>49573111501_00db5dc990_b<\/p><\/li><li><a href=\"https:\/\/live.staticflickr.com\/65535\/49572604203_bb2d5bd946_b.jpg\" title=\"49572604203_bb2d5bd946_b\"><img decoding=\"async\" src=\"https:\/\/www.lereveil.lu\/v7\/wp-content\/plugins\/justified-image-grid\/timthumb.php?src=https%3A%2F%2Flive.staticflickr.com%2F65535%2F49572604203_bb2d5bd946_b.jpg&amp;h=230&amp;q=90&amp;f=.jpg\" alt=\"IMG_20200130_185357\" width=\"306\" height=\"230\" \/><\/a><p class=\"jig-HTMLdescription\">IMG_20200130_185357<br\/>49572604203_bb2d5bd946_b<\/p><\/li><li><a href=\"https:\/\/live.staticflickr.com\/65535\/49572604228_a8fc1ebc4e_b.jpg\" title=\"49572604228_a8fc1ebc4e_b\"><img decoding=\"async\" src=\"https:\/\/www.lereveil.lu\/v7\/wp-content\/plugins\/justified-image-grid\/timthumb.php?src=https%3A%2F%2Flive.staticflickr.com%2F65535%2F49572604228_a8fc1ebc4e_b.jpg&amp;h=230&amp;q=90&amp;f=.jpg\" alt=\"IMG_20200130_185340\" width=\"306\" height=\"230\" \/><\/a><p class=\"jig-HTMLdescription\">IMG_20200130_185340<br\/>49572604228_a8fc1ebc4e_b<\/p><\/li><li><a href=\"https:\/\/live.staticflickr.com\/65535\/49573111691_83fa31c98c_b.jpg\" title=\"49573111691_83fa31c98c_b\"><img loading=\"lazy\" decoding=\"async\" src=\"https:\/\/www.lereveil.lu\/v7\/wp-content\/plugins\/justified-image-grid\/timthumb.php?src=https%3A%2F%2Flive.staticflickr.com%2F65535%2F49573111691_83fa31c98c_b.jpg&amp;h=230&amp;q=90&amp;f=.jpg\" alt=\"IMG_20200130_185323\" width=\"306\" height=\"230\" \/><\/a><p class=\"jig-HTMLdescription\">IMG_20200130_185323<br\/>49573111691_83fa31c98c_b<\/p><\/li><li><a href=\"https:\/\/live.staticflickr.com\/65535\/49573111756_e5e3bd4c0a_b.jpg\" title=\"49573111756_e5e3bd4c0a_b\"><img loading=\"lazy\" decoding=\"async\" src=\"https:\/\/www.lereveil.lu\/v7\/wp-content\/plugins\/justified-image-grid\/timthumb.php?src=https%3A%2F%2Flive.staticflickr.com%2F65535%2F49573111756_e5e3bd4c0a_b.jpg&amp;h=230&amp;q=90&amp;f=.jpg\" alt=\"IMG_20200130_185316\" width=\"306\" height=\"230\" \/><\/a><p class=\"jig-HTMLdescription\">IMG_20200130_185316<br\/>49573111756_e5e3bd4c0a_b<\/p><\/li><li><a href=\"https:\/\/live.staticflickr.com\/65535\/49573338432_de17db8f61_b.jpg\" title=\"49573338432_de17db8f61_b\"><img loading=\"lazy\" decoding=\"async\" src=\"https:\/\/www.lereveil.lu\/v7\/wp-content\/plugins\/justified-image-grid\/timthumb.php?src=https%3A%2F%2Flive.staticflickr.com%2F65535%2F49573338432_de17db8f61_b.jpg&amp;h=230&amp;q=90&amp;f=.jpg\" alt=\"IMG_20200130_185315\" width=\"306\" height=\"230\" \/><\/a><p class=\"jig-HTMLdescription\">IMG_20200130_185315<br\/>49573338432_de17db8f61_b<\/p><\/li><li><a href=\"https:\/\/live.staticflickr.com\/4723\/26441866428_06647bb0c7_b.jpg\" title=\"26441866428_06647bb0c7_b\"><img loading=\"lazy\" decoding=\"async\" src=\"https:\/\/www.lereveil.lu\/v7\/wp-content\/plugins\/justified-image-grid\/timthumb.php?src=https%3A%2F%2Flive.staticflickr.com%2F4723%2F26441866428_06647bb0c7_c.jpg&amp;h=230&amp;q=90&amp;f=.jpg\" alt=\"14794_10151831359691895_888648992_n\" width=\"230\" height=\"230\" \/><\/a><p class=\"jig-HTMLdescription\">14794_10151831359691895_888648992_n<br\/>26441866428_06647bb0c7_b<\/p><\/li><li><a href=\"https:\/\/live.staticflickr.com\/4618\/40314162051_20d73c15e0_b.jpg\" title=\"40314162051_20d73c15e0_b\"><img loading=\"lazy\" decoding=\"async\" src=\"https:\/\/www.lereveil.lu\/v7\/wp-content\/plugins\/justified-image-grid\/timthumb.php?src=https%3A%2F%2Flive.staticflickr.com%2F4618%2F40314162051_20d73c15e0_c.jpg&amp;h=230&amp;q=90&amp;f=.jpg\" alt=\"1013235_10151831360041895_1562678539_n\" width=\"172\" height=\"230\" \/><\/a><p class=\"jig-HTMLdescription\">1013235_10151831360041895_1562678539_n<br\/>40314162051_20d73c15e0_b<\/p><\/li><li><a href=\"https:\/\/live.staticflickr.com\/4668\/26441866158_9703709e0d_b.jpg\" title=\"26441866158_9703709e0d_b\"><img loading=\"lazy\" decoding=\"async\" src=\"https:\/\/www.lereveil.lu\/v7\/wp-content\/plugins\/justified-image-grid\/timthumb.php?src=https%3A%2F%2Flive.staticflickr.com%2F4668%2F26441866158_9703709e0d_c.jpg&amp;h=230&amp;q=90&amp;f=.jpg\" alt=\"18556348_10158652791170697_3850574153618562652_n\" width=\"172\" height=\"230\" \/><\/a><p class=\"jig-HTMLdescription\">18556348_10158652791170697_3850574153618562652_n<br\/>26441866158_9703709e0d_b<\/p><\/li><li><a href=\"https:\/\/live.staticflickr.com\/4616\/26441866298_177ea45e4b_c.jpg\" title=\"26441866298_177ea45e4b_c\"><img loading=\"lazy\" decoding=\"async\" src=\"https:\/\/www.lereveil.lu\/v7\/wp-content\/plugins\/justified-image-grid\/timthumb.php?src=https%3A%2F%2Flive.staticflickr.com%2F4616%2F26441866298_177ea45e4b_c.jpg&amp;h=230&amp;q=90&amp;f=.jpg\" alt=\"11009949_10206943389485705_7773016592664277283_n\" width=\"129\" height=\"230\" \/><\/a><p class=\"jig-HTMLdescription\">11009949_10206943389485705_7773016592664277283_n<br\/>26441866298_177ea45e4b_c<\/p><\/li><li><a href=\"https:\/\/live.staticflickr.com\/4605\/40314161891_9fc96bd10b_c.jpg\" title=\"40314161891_9fc96bd10b_c\"><img loading=\"lazy\" decoding=\"async\" src=\"https:\/\/www.lereveil.lu\/v7\/wp-content\/plugins\/justified-image-grid\/timthumb.php?src=https%3A%2F%2Flive.staticflickr.com%2F4605%2F40314161891_9fc96bd10b_c.jpg&amp;h=230&amp;q=90&amp;f=.jpg\" alt=\"13775910_10210182485818245_2064502394238626101_n\" width=\"345\" height=\"230\" \/><\/a><p class=\"jig-HTMLdescription\">13775910_10210182485818245_2064502394238626101_n<br\/>40314161891_9fc96bd10b_c<\/p><\/li><li><a href=\"https:\/\/live.staticflickr.com\/4745\/40314161901_51db92eceb_b.jpg\" title=\"40314161901_51db92eceb_b\"><img loading=\"lazy\" decoding=\"async\" src=\"https:\/\/www.lereveil.lu\/v7\/wp-content\/plugins\/justified-image-grid\/timthumb.php?src=https%3A%2F%2Flive.staticflickr.com%2F4745%2F40314161901_51db92eceb_b.jpg&amp;h=230&amp;q=90&amp;f=.jpg\" alt=\"18622339_10158652791200697_3086927859041742728_n\" width=\"319\" height=\"230\" \/><\/a><p class=\"jig-HTMLdescription\">18622339_10158652791200697_3086927859041742728_n<br\/>40314161901_51db92eceb_b<\/p><\/li><li><a href=\"https:\/\/live.staticflickr.com\/4721\/26441865998_4cf3a3ffe8_b.jpg\" title=\"26441865998_4cf3a3ffe8_b\"><img loading=\"lazy\" decoding=\"async\" src=\"https:\/\/www.lereveil.lu\/v7\/wp-content\/plugins\/justified-image-grid\/timthumb.php?src=https%3A%2F%2Flive.staticflickr.com%2F4721%2F26441865998_4cf3a3ffe8_b.jpg&amp;h=230&amp;q=90&amp;f=.jpg\" alt=\"19059190_10158762405240697_1886610774574991470_n\" width=\"306\" height=\"230\" \/><\/a><p class=\"jig-HTMLdescription\">19059190_10158762405240697_1886610774574991470_n<br\/>26441865998_4cf3a3ffe8_b<\/p><\/li><li><a href=\"https:\/\/live.staticflickr.com\/4766\/26441866098_65b5b56607_b.jpg\" title=\"26441866098_65b5b56607_b\"><img loading=\"lazy\" decoding=\"async\" src=\"https:\/\/www.lereveil.lu\/v7\/wp-content\/plugins\/justified-image-grid\/timthumb.php?src=https%3A%2F%2Flive.staticflickr.com%2F4766%2F26441866098_65b5b56607_b.jpg&amp;h=230&amp;q=90&amp;f=.jpg\" alt=\"18951243_10158762404955697_6494097682727297143_n\" width=\"306\" height=\"230\" \/><\/a><p class=\"jig-HTMLdescription\">18951243_10158762404955697_6494097682727297143_n<br\/>26441866098_65b5b56607_b<\/p><\/li><li><a href=\"https:\/\/live.staticflickr.com\/4654\/38504690370_24eda556bc_b.jpg\" title=\"38504690370_24eda556bc_b\"><img loading=\"lazy\" decoding=\"async\" src=\"https:\/\/www.lereveil.lu\/v7\/wp-content\/plugins\/justified-image-grid\/timthumb.php?src=https%3A%2F%2Flive.staticflickr.com%2F4654%2F38504690370_24eda556bc_c.jpg&amp;h=230&amp;q=90&amp;f=.jpg\" alt=\"18952977_10158762404950697_8172621961469652222_n\" width=\"172\" height=\"230\" \/><\/a><p class=\"jig-HTMLdescription\">18952977_10158762404950697_8172621961469652222_n<br\/>38504690370_24eda556bc_b<\/p><\/li><li><a href=\"https:\/\/live.staticflickr.com\/4714\/40314161601_29253aa034_b.jpg\" title=\"40314161601_29253aa034_b\"><img loading=\"lazy\" decoding=\"async\" src=\"https:\/\/www.lereveil.lu\/v7\/wp-content\/plugins\/justified-image-grid\/timthumb.php?src=https%3A%2F%2Flive.staticflickr.com%2F4714%2F40314161601_29253aa034_b.jpg&amp;h=230&amp;q=90&amp;f=.jpg\" alt=\"19030381_10158762404960697_7989460324914728558_n\" width=\"306\" height=\"230\" \/><\/a><p class=\"jig-HTMLdescription\">19030381_10158762404960697_7989460324914728558_n<br\/>40314161601_29253aa034_b<\/p><\/li><li><a href=\"https:\/\/live.staticflickr.com\/4652\/38504690050_41d8fb8987_b.jpg\" title=\"38504690050_41d8fb8987_b\"><img loading=\"lazy\" decoding=\"async\" src=\"https:\/\/www.lereveil.lu\/v7\/wp-content\/plugins\/justified-image-grid\/timthumb.php?src=https%3A%2F%2Flive.staticflickr.com%2F4652%2F38504690050_41d8fb8987_b.jpg&amp;h=230&amp;q=90&amp;f=.jpg\" alt=\"27072822_10159830776330697_3286818341660769982_n\" width=\"345\" height=\"230\" \/><\/a><p class=\"jig-HTMLdescription\">27072822_10159830776330697_3286818341660769982_n<br\/>38504690050_41d8fb8987_b<\/p><\/li><li><a href=\"https:\/\/live.staticflickr.com\/4610\/38504690260_858dc1d313_b.jpg\" title=\"38504690260_858dc1d313_b\"><img loading=\"lazy\" decoding=\"async\" src=\"https:\/\/www.lereveil.lu\/v7\/wp-content\/plugins\/justified-image-grid\/timthumb.php?src=https%3A%2F%2Flive.staticflickr.com%2F4610%2F38504690260_858dc1d313_b.jpg&amp;h=230&amp;q=90&amp;f=.jpg\" alt=\"18954890_10213019906634836_4778775545087955803_o\" width=\"306\" height=\"230\" \/><\/a><p class=\"jig-HTMLdescription\">18954890_10213019906634836_4778775545087955803_o<br\/>38504690260_858dc1d313_b<\/p><\/li><li><a href=\"https:\/\/live.staticflickr.com\/2908\/33949120056_e215de2ff3_b.jpg\" title=\"33949120056_e215de2ff3_b\"><img loading=\"lazy\" decoding=\"async\" src=\"https:\/\/www.lereveil.lu\/v7\/wp-content\/plugins\/justified-image-grid\/timthumb.php?src=https%3A%2F%2Flive.staticflickr.com%2F2908%2F33949120056_e215de2ff3_b.jpg&amp;h=230&amp;q=90&amp;f=.jpg\" alt=\"DSC_0433\" width=\"344\" height=\"230\" \/><\/a><p class=\"jig-HTMLdescription\">DSC_0433<br\/>33949120056_e215de2ff3_b<\/p><\/li><li><a href=\"https:\/\/live.staticflickr.com\/2872\/33147072544_3e1080ee79_b.jpg\" title=\"33147072544_3e1080ee79_b\"><img loading=\"lazy\" decoding=\"async\" src=\"https:\/\/www.lereveil.lu\/v7\/wp-content\/plugins\/justified-image-grid\/timthumb.php?src=https%3A%2F%2Flive.staticflickr.com%2F2872%2F33147072544_3e1080ee79_b.jpg&amp;h=230&amp;q=90&amp;f=.jpg\" alt=\"DSC_0432\" width=\"344\" height=\"230\" \/><\/a><p class=\"jig-HTMLdescription\">DSC_0432<br\/>33147072544_3e1080ee79_b<\/p><\/li><li><a href=\"https:\/\/live.staticflickr.com\/2937\/33990685875_fba692163c_b.jpg\" title=\"33990685875_fba692163c_b\"><img loading=\"lazy\" decoding=\"async\" src=\"https:\/\/www.lereveil.lu\/v7\/wp-content\/plugins\/justified-image-grid\/timthumb.php?src=https%3A%2F%2Flive.staticflickr.com%2F2937%2F33990685875_fba692163c_b.jpg&amp;h=230&amp;q=90&amp;f=.jpg\" alt=\"DSC_0431\" width=\"344\" height=\"230\" \/><\/a><p class=\"jig-HTMLdescription\">DSC_0431<br\/>33990685875_fba692163c_b<\/p><\/li><li><a href=\"https:\/\/live.staticflickr.com\/2895\/33147024134_9e9142859b_b.jpg\" title=\"33147024134_9e9142859b_b\"><img loading=\"lazy\" decoding=\"async\" src=\"https:\/\/www.lereveil.lu\/v7\/wp-content\/plugins\/justified-image-grid\/timthumb.php?src=https%3A%2F%2Flive.staticflickr.com%2F2895%2F33147024134_9e9142859b_c.jpg&amp;h=230&amp;q=90&amp;f=.jpg\" alt=\"DSC_1045\" width=\"153\" height=\"230\" \/><\/a><p class=\"jig-HTMLdescription\">DSC_1045<br\/>33147024134_9e9142859b_b<\/p><\/li><li><a href=\"https:\/\/live.staticflickr.com\/2892\/33147024244_d86d58b0f0_b.jpg\" title=\"33147024244_d86d58b0f0_b\"><img loading=\"lazy\" decoding=\"async\" src=\"https:\/\/www.lereveil.lu\/v7\/wp-content\/plugins\/justified-image-grid\/timthumb.php?src=https%3A%2F%2Flive.staticflickr.com%2F2892%2F33147024244_d86d58b0f0_c.jpg&amp;h=230&amp;q=90&amp;f=.jpg\" alt=\"DSC_1042\" width=\"153\" height=\"230\" \/><\/a><p class=\"jig-HTMLdescription\">DSC_1042<br\/>33147024244_d86d58b0f0_b<\/p><\/li><li><a href=\"https:\/\/live.staticflickr.com\/2892\/33869864881_28a11c09c4_b.jpg\" title=\"33869864881_28a11c09c4_b\"><img loading=\"lazy\" decoding=\"async\" src=\"https:\/\/www.lereveil.lu\/v7\/wp-content\/plugins\/justified-image-grid\/timthumb.php?src=https%3A%2F%2Flive.staticflickr.com%2F2892%2F33869864881_28a11c09c4_b.jpg&amp;h=230&amp;q=90&amp;f=.jpg\" alt=\"20150620_173917_0248\" width=\"344\" height=\"230\" \/><\/a><p class=\"jig-HTMLdescription\">20150620_173917_0248<br\/>33869864881_28a11c09c4_b<\/p><\/li><li><a href=\"https:\/\/live.staticflickr.com\/3929\/33186665573_9dddc3a451_b.jpg\" title=\"33186665573_9dddc3a451_b\"><img loading=\"lazy\" decoding=\"async\" src=\"https:\/\/www.lereveil.lu\/v7\/wp-content\/plugins\/justified-image-grid\/timthumb.php?src=https%3A%2F%2Flive.staticflickr.com%2F3929%2F33186665573_9dddc3a451_b.jpg&amp;h=230&amp;q=90&amp;f=.jpg\" alt=\"20150620_173908_0247\" width=\"344\" height=\"230\" \/><\/a><p class=\"jig-HTMLdescription\">20150620_173908_0247<br\/>33186665573_9dddc3a451_b<\/p><\/li><li><a href=\"https:\/\/live.staticflickr.com\/2929\/33156221954_d03c72ce76_b.jpg\" title=\"33156221954_d03c72ce76_b\"><img loading=\"lazy\" decoding=\"async\" src=\"https:\/\/www.lereveil.lu\/v7\/wp-content\/plugins\/justified-image-grid\/timthumb.php?src=https%3A%2F%2Flive.staticflickr.com%2F2929%2F33156221954_d03c72ce76_b.jpg&amp;h=230&amp;q=90&amp;f=.jpg\" alt=\"20150620_173327_0245\" width=\"344\" height=\"230\" \/><\/a><p class=\"jig-HTMLdescription\">20150620_173327_0245<br\/>33156221954_d03c72ce76_b<\/p><\/li><\/ul><\/noscript><\/div><\/p>\t\t\t\t\t\t\t\t<\/div>\n\t\t\t\t<\/div>\n\t\t\t\t\t<\/div>\n\t\t<\/div>\n\t\t\t\t\t<\/div>\n\t\t<\/section>\n\t\t\t\t<\/div>\n\t\t","protected":false},"excerpt":{"rendered":"<p>De\u00a0Le\u00a0Reveil\u00a0Bettembourg\u00a0organis\u00e9iert\u00a0all\u00a0Joer\u00a0verschidde\u00a0Competitiounen,\u00a0Aktivit\u00e9iten\u00a0an\u00a0Eventer\u00a0an\u00a0ass\u00a0lafend\u00a0ob\u00a0der\u00a0Sich\u00a0no\u00a0 motiv\u00e9ierte Benevollen, d\u00e9i Freed drun hunn eng Hand mat unzepaken. \u00a0 \u00a0 \u00a0 \u00a0 \u00a0Du bass oppen, extrovert\u00e9iert a kommunikativ a schaffs g\u00e4ren an der Equipe ?\u00a0 -&gt;\u00a0Mir\u00a0sichen\u00a0dech! \u00a0 \u00a0 \u00a0 \u00a0 \u00a0Du bass introvert\u00e9iert a schaffs gew\u00ebssenhaft un enger spezifescher Aufgab d\u00e9i dir uvertraut gouf?\u00a0 -&gt; Mir\u00a0sichen\u00a0dech! \u00a0\u00a0 \u00a0 \u00a0 \u00a0\u00a0Du sichs punktuell&hellip;&nbsp;<a href=\"https:\/\/www.lereveil.lu\/v7\/benevolat\/\" rel=\"bookmark\"><span class=\"screen-reader-text\">B\u00e9n\u00e9volat<\/span><\/a><\/p>\n","protected":false},"author":3,"featured_media":4353,"parent":0,"menu_order":0,"comment_status":"closed","ping_status":"closed","template":"","meta":{"neve_meta_sidebar":"","neve_meta_container":"","neve_meta_enable_content_width":"","neve_meta_content_width":0,"neve_meta_title_alignment":"","neve_meta_author_avatar":"","neve_post_elements_order":"","neve_meta_disable_header":"","neve_meta_disable_footer":"","neve_meta_disable_title":"","footnotes":""},"class_list":["post-3836","page","type-page","status-publish","has-post-thumbnail","hentry"],"_links":{"self":[{"href":"https:\/\/www.lereveil.lu\/v7\/wp-json\/wp\/v2\/pages\/3836","targetHints":{"allow":["GET"]}}],"collection":[{"href":"https:\/\/www.lereveil.lu\/v7\/wp-json\/wp\/v2\/pages"}],"about":[{"href":"https:\/\/www.lereveil.lu\/v7\/wp-json\/wp\/v2\/types\/page"}],"author":[{"embeddable":true,"href":"https:\/\/www.lereveil.lu\/v7\/wp-json\/wp\/v2\/users\/3"}],"replies":[{"embeddable":true,"href":"https:\/\/www.lereveil.lu\/v7\/wp-json\/wp\/v2\/comments?post=3836"}],"version-history":[{"count":103,"href":"https:\/\/www.lereveil.lu\/v7\/wp-json\/wp\/v2\/pages\/3836\/revisions"}],"predecessor-version":[{"id":6983,"href":"https:\/\/www.lereveil.lu\/v7\/wp-json\/wp\/v2\/pages\/3836\/revisions\/6983"}],"wp:featuredmedia":[{"embeddable":true,"href":"https:\/\/www.lereveil.lu\/v7\/wp-json\/wp\/v2\/media\/4353"}],"wp:attachment":[{"href":"https:\/\/www.lereveil.lu\/v7\/wp-json\/wp\/v2\/media?parent=3836"}],"curies":[{"name":"wp","href":"https:\/\/api.w.org\/{rel}","templated":true}]}}